{"id":784,"date":"2022-02-10T12:46:43","date_gmt":"2022-02-10T12:46:43","guid":{"rendered":"https:\/\/stoantoniolisboa.com\/?page_id=784"},"modified":"2025-01-07T13:31:57","modified_gmt":"2025-01-07T13:31:57","slug":"igreja","status":"publish","type":"page","link":"https:\/\/stoantoniolisboa.com\/index.php\/igreja\/","title":{"rendered":"Igreja"},"content":{"rendered":"\t\t<div data-elementor-type=\"wp-page\" data-elementor-id=\"784\" class=\"elementor elementor-784\" data-elementor-post-type=\"page\">\n\t\t\t\t\t\t<section class=\"elementor-section elementor-top-section elementor-element elementor-element-8dz91ou elementor-section-boxed elementor-section-height-default elementor-section-height-default\" data-id=\"8dz91ou\" data-element_type=\"section\" data-e-type=\"section\" data-settings=\"{&quot;background_background&quot;:&quot;classic&quot;}\">\n\t\t\t\t\t\t<div class=\"elementor-container elementor-column-gap-no\">\n\t\t\t\t\t<div class=\"elementor-column elementor-col-100 elementor-top-column elementor-element elementor-element-5d02d36\" data-id=\"5d02d36\" data-element_type=\"column\" data-e-type=\"column\">\n\t\t\t<div class=\"elementor-widget-wrap elementor-element-populated\">\n\t\t\t\t\t\t<div class=\"elementor-element elementor-element-c797f68 elementor-widget elementor-widget-heading\" data-id=\"c797f68\" data-element_type=\"widget\" data-e-type=\"widget\" data-widget_type=\"heading.default\">\n\t\t\t\t<div class=\"elementor-widget-container\">\n\t\t\t\t\t<h1 class=\"elementor-heading-title elementor-size-default\">IGREJA DE SANTO ANT\u00d3NIO<\/h1>\t\t\t\t<\/div>\n\t\t\t\t<\/div>\n\t\t\t\t<div class=\"elementor-element elementor-element-3e8c75f elementor-widget elementor-widget-image\" data-id=\"3e8c75f\" data-element_type=\"widget\" data-e-type=\"widget\" data-widget_type=\"image.default\">\n\t\t\t\t<div class=\"elementor-widget-container\">\n\t\t\t\t\t\t\t\t\t\t\t\t\t\t\t<img fetchpriority=\"high\" decoding=\"async\" width=\"2050\" height=\"1463\" src=\"https:\/\/stoantoniolisboa.com\/wp-content\/uploads\/2022\/02\/Santo-Antonio-igreja_lv.jpg\" class=\"attachment-full size-full wp-image-792\" alt=\"\" srcset=\"https:\/\/stoantoniolisboa.com\/wp-content\/uploads\/2022\/02\/Santo-Antonio-igreja_lv.jpg 2050w, https:\/\/stoantoniolisboa.com\/wp-content\/uploads\/2022\/02\/Santo-Antonio-igreja_lv-300x214.jpg 300w, https:\/\/stoantoniolisboa.com\/wp-content\/uploads\/2022\/02\/Santo-Antonio-igreja_lv-1024x731.jpg 1024w, https:\/\/stoantoniolisboa.com\/wp-content\/uploads\/2022\/02\/Santo-Antonio-igreja_lv-768x548.jpg 768w, https:\/\/stoantoniolisboa.com\/wp-content\/uploads\/2022\/02\/Santo-Antonio-igreja_lv-1536x1096.jpg 1536w, https:\/\/stoantoniolisboa.com\/wp-content\/uploads\/2022\/02\/Santo-Antonio-igreja_lv-2048x1462.jpg 2048w\" sizes=\"(max-width: 2050px) 100vw, 2050px\" \/>\t\t\t\t\t\t\t\t\t\t\t\t\t\t\t<\/div>\n\t\t\t\t<\/div>\n\t\t\t\t<section class=\"elementor-section elementor-inner-section elementor-element elementor-element-5b53ec6 elementor-section-boxed elementor-section-height-default elementor-section-height-default\" data-id=\"5b53ec6\" data-element_type=\"section\" data-e-type=\"section\">\n\t\t\t\t\t\t<div class=\"elementor-container elementor-column-gap-no\">\n\t\t\t\t\t<div class=\"elementor-column elementor-col-100 elementor-inner-column elementor-element elementor-element-aa70106\" data-id=\"aa70106\" data-element_type=\"column\" data-e-type=\"column\">\n\t\t\t<div class=\"elementor-widget-wrap elementor-element-populated\">\n\t\t\t\t\t\t<div class=\"elementor-element elementor-element-a6633ba elementor-widget elementor-widget-heading\" data-id=\"a6633ba\" data-element_type=\"widget\" data-e-type=\"widget\" data-widget_type=\"heading.default\">\n\t\t\t\t<div class=\"elementor-widget-container\">\n\t\t\t\t\t<h2 class=\"elementor-heading-title elementor-size-default\">Hist\u00f3ria<\/h2>\t\t\t\t<\/div>\n\t\t\t\t<\/div>\n\t\t\t\t<div class=\"elementor-element elementor-element-a9fd274 elementor-widget elementor-widget-text-editor\" data-id=\"a9fd274\" data-element_type=\"widget\" data-e-type=\"widget\" data-widget_type=\"text-editor.default\">\n\t\t\t\t<div class=\"elementor-widget-container\">\n\t\t\t\t\t\t\t\t\t<p>Doutor da Igreja, santo popular, padroeiro secund\u00e1rio de Portugal e de Lisboa, \u00e9 esta a sua casa por excel\u00eancia, porque edificada sobre o lugar do seu nascimento.<\/p><p>Provavelmente, uma primeira ermida, ou um simples nicho, ter\u00e1 sido edificado pouco depois da r\u00e1pida canoniza\u00e7\u00e3o de Frei Ant\u00f3nio. Embora as primeiras not\u00edcias referentes \u00e0 capela remontem apenas ao in\u00edcio do s\u00e9culo XV, na Casa de Santo Ant\u00f3nio funcionava a C\u00e2mara de Lisboa desde 1326, situa\u00e7\u00e3o que se manteve at\u00e9 1753. Em 1433, recebeu o privil\u00e9gio da depend\u00eancia directa da Santa S\u00e9, ficando isenta da jurisdi\u00e7\u00e3o ordin\u00e1ria. No s\u00e9culo XVI, foi fundada a Confraria de Santo Ant\u00f3nio, que tinha entre os seus membros os vereadores municipais. Apesar de o edif\u00edcio ter perdido a fun\u00e7\u00e3o de sede camar\u00e1ria, \u00e9 ainda hoje propriedade municipal, como que assinalando a \u00edntima liga\u00e7\u00e3o entre o povo lisboeta e o seu Santo Ant\u00f3nio.<\/p><p>Em 1495, D. Jo\u00e3o II ordena a reconstru\u00e7\u00e3o do templo, para que tivesse maiores e mais condignas dimens\u00f5es, campanha que continua j\u00e1 sob o reinado de D. Manuel I. Constantemente cuidada pela cidade e pelos monarcas, no reinado de D. Jo\u00e3o V receber\u00e1 uma campanha de obras e ganhar\u00e1 colegiada pr\u00f3pria em 1730. Depois de destru\u00edda pelo Terramoto de 1755, salvando-se apenas a capela-mor, a nova igreja foi constru\u00edda entre 1767 e 1812; o projecto coube a Mateus Vicente de Oliveira. Para a reedifica\u00e7\u00e3o foi essencial n\u00e3o s\u00f3 o empenho do Senado, mas de todo o povo de Lisboa, particularmente das suas crian\u00e7as, que ent\u00e3o pediam pelas ruas \u00abum tost\u00e3o para Santo Ant\u00f3nio\u00bb, tradi\u00e7\u00e3o que se manteve at\u00e9 aos dias de hoje.<\/p>\t\t\t\t\t\t\t\t<\/div>\n\t\t\t\t<\/div>\n\t\t\t\t<div class=\"elementor-element elementor-element-95f9afd elementor-widget elementor-widget-image-box\" data-id=\"95f9afd\" data-element_type=\"widget\" data-e-type=\"widget\" data-widget_type=\"image-box.default\">\n\t\t\t\t<div class=\"elementor-widget-container\">\n\t\t\t\t\t<div class=\"elementor-image-box-wrapper\"><div class=\"elementor-image-box-content\"><h3 class=\"elementor-image-box-title\">Exterior<\/h3><p class=\"elementor-image-box-description\">No largo fronteiro, encontra-se uma imagem do Santo inaugurada pelo Papa S\u00e3o Jo\u00e3o Paulo II em 1982, obra de Soares Branco. A igreja \u00e9 antecedida por uma escadaria em leque que compensa o desn\u00edvel da rua. A fachada, mais complexa e decorada do que a das demais igrejas pombalinas, merece a aten\u00e7\u00e3o do visitante.<br><br>No corpo anexo do lado esquerdo, pode-se visitar o Museu Antoniano, onde se exp\u00f5e um esp\u00f3lio diversificado de objectos ligados ao Santo.<br><br>A fachada lateral sul, que acompanha o declive da subida, apresenta uma decora\u00e7\u00e3o de gosto neocl\u00e1ssico. Sob a \u00faltima janela, uma l\u00e1pide inscreve o breve do Papa Pio VI concedendo indulg\u00eancia plen\u00e1ria a quem visitar esta Casa de Santo Ant\u00f3nio.<\/p><\/div><\/div>\t\t\t\t<\/div>\n\t\t\t\t<\/div>\n\t\t\t\t<div class=\"elementor-element elementor-element-f24a93c elementor-widget elementor-widget-image-box\" data-id=\"f24a93c\" data-element_type=\"widget\" data-e-type=\"widget\" data-widget_type=\"image-box.default\">\n\t\t\t\t<div class=\"elementor-widget-container\">\n\t\t\t\t\t<div class=\"elementor-image-box-wrapper\"><div class=\"elementor-image-box-content\"><h3 class=\"elementor-image-box-title\">Interior<\/h3><p class=\"elementor-image-box-description\">O tecto do n\u00e1rtex tem pintado o bras\u00e3o com as armas portuguesas e as da fam\u00edlia Bulh\u00f5es. O espa\u00e7o interior \u00e9 vibrante de luz e cor. No extenso tecto do sub-coro, surge um medalh\u00e3o com os atributos do orago - cruz, livro e l\u00edrios -, que se repetem v\u00e1rias vezes. No coro, o \u00f3rg\u00e3o, encomendado em 1872, \u00e9 de origem inglesa.<br><br>No centro da igreja, a c\u00fapula oferece uma abundante ilumina\u00e7\u00e3o natural. Sob esta, os m\u00e1rmores embutidos do ch\u00e3o do cruzeiro s\u00e3o particularmente cuidados, configurando padr\u00f5es geom\u00e9tricos.<br><br>A tela do ret\u00e1bulo do lado do evangelho da nave \u00e9 possivelmente do s\u00e9culo XVI, representando Santo Ant\u00f3nio com as fei\u00e7\u00f5es mais aut\u00eanticas que se conservam (conhecida como a \u201cvera ef\u00edgie do Santo\u201d), convocando grande devo\u00e7\u00e3o. Nos topos do transepto, dois altares de cada lado com ret\u00e1bulos em talha um pouco mais cuidada contendo telas da autoria de Pedro Alexandrino de Carvalho: do lado do evangelho, a Assun\u00e7\u00e3o de Nossa Senhora e a Natividade; do lado da ep\u00edstola, o Pentecostes e o Calv\u00e1rio. Repare-se ainda, junto ao altar da vera ef\u00edgie, na caixa de esmolas do \u00abP\u00e3o de Santo Ant\u00f3nio\u00bb, que consubstancia uma antiga tradi\u00e7\u00e3o caritativa inspirada nos milagres do Santo.<br><br>No ret\u00e1bulo do altar da sacristia, podemos contemplar uma boa tela de Bruno Jos\u00e9 do Vale, em que se representa a Sagrada Fam\u00edlia com S\u00e3o Jo\u00e3o Baptista.<br><br>A visita completa-se descendo ao cora\u00e7\u00e3o e motivo de exist\u00eancia desta Casa: a cripta que assinala o lugar de nascimento de Santo Ant\u00f3nio. Visitada por S\u00e3o Jo\u00e3o Paulo II, \u00e9 um espa\u00e7o simples, prop\u00edcio \u00e0 ora\u00e7\u00e3o ante o altar e a rel\u00edquia que a\u00ed se encontram.<\/p><\/div><\/div>\t\t\t\t<\/div>\n\t\t\t\t<\/div>\n\t\t\t\t<div class=\"elementor-element elementor-element-db834d9 elementor-widget elementor-widget-image-box\" data-id=\"db834d9\" data-element_type=\"widget\" data-e-type=\"widget\" data-widget_type=\"image-box.default\">\n\t\t\t\t<div class=\"elementor-widget-container\">\n\t\t\t\t\t<div class=\"elementor-image-box-wrapper\"><div class=\"elementor-image-box-content\"><h3 class=\"elementor-image-box-title\">Capela-mor<\/h3><p class=\"elementor-image-box-description\">Tal como a nave, a capela-mor mostra abund\u00e2ncia de cores e luz. O ret\u00e1bulo \u00e9 marcado por dois pares de colunas e por um trono com baldaquino e talha dourada na tribuna. Ao centro, ergue-se a bela imagem de vulto de Santo Ant\u00f3nio, em madeira estofada e pintada, que sobreviveu ao Terramoto de 1755. A lade\u00e1-la est\u00e3o as imagens de S\u00e3o Vicente e S\u00e3o Sebasti\u00e3o.<\/p><\/div><\/div>\t\t\t\t<\/div>\n\t\t\t\t<\/div>\n\t\t\t\t\t<\/div>\n\t\t<\/div>\n\t\t\t\t\t<\/div>\n\t\t<\/section>\n\t\t\t\t\t<\/div>\n\t\t<\/div>\n\t\t\t\t\t<\/div>\n\t\t<\/section>\n\t\t\t\t<\/div>\n\t\t","protected":false},"excerpt":{"rendered":"<p>IGREJA DE SANTO ANT\u00d3NIO Hist\u00f3ria Doutor da Igreja, santo popular, padroeiro secund\u00e1rio de Portugal e de Lisboa, \u00e9 esta a sua casa por excel\u00eancia, porque edificada sobre o lugar do seu nascimento. Provavelmente, uma primeira ermida, ou um simples nicho, ter\u00e1 sido edificado pouco depois da r\u00e1pida canoniza\u00e7\u00e3o de Frei Ant\u00f3nio. Embora as primeiras not\u00edcias [&hellip;]<\/p>\n","protected":false},"author":2,"featured_media":0,"parent":0,"menu_order":0,"comment_status":"closed","ping_status":"closed","template":"","meta":{"site-sidebar-layout":"no-sidebar","site-content-layout":"page-builder","ast-site-content-layout":"default","site-content-style":"default","site-sidebar-style":"default","ast-global-header-display":"","ast-banner-title-visibility":"","ast-main-header-display":"","ast-hfb-above-header-display":"","ast-hfb-below-header-display":"","ast-hfb-mobile-header-display":"","site-post-title":"disabled","ast-breadcrumbs-content":"disabled","ast-featured-img":"disabled","footer-sml-layout":"","ast-disable-related-posts":"","theme-transparent-header-meta":"enabled","adv-header-id-meta":"","stick-header-meta":"","header-above-stick-meta":"","header-main-stick-meta":"","header-below-stick-meta":"","astra-migrate-meta-layouts":"default","ast-page-background-enabled":"default","ast-page-background-meta":{"desktop":{"background-color":"","background-image":"","background-repeat":"repeat","background-position":"center center","background-size":"auto","background-attachment":"scroll","background-type":"","background-media":"","overlay-type":"","overlay-color":"","overlay-opacity":"","overlay-gradient":""},"tablet":{"background-color":"","background-image":"","background-repeat":"repeat","background-position":"center center","background-size":"auto","background-attachment":"scroll","background-type":"","background-media":"","overlay-type":"","overlay-color":"","overlay-opacity":"","overlay-gradient":""},"mobile":{"background-color":"","background-image":"","background-repeat":"repeat","background-position":"center center","background-size":"auto","background-attachment":"scroll","background-type":"","background-media":"","overlay-type":"","overlay-color":"","overlay-opacity":"","overlay-gradient":""}},"ast-content-background-meta":{"desktop":{"background-color":"var(--ast-global-color-5)","background-image":"","background-repeat":"repeat","background-position":"center center","background-size":"auto","background-attachment":"scroll","background-type":"","background-media":"","overlay-type":"","overlay-color":"","overlay-opacity":"","overlay-gradient":""},"tablet":{"background-color":"var(--ast-global-color-5)","background-image":"","background-repeat":"repeat","background-position":"center center","background-size":"auto","background-attachment":"scroll","background-type":"","background-media":"","overlay-type":"","overlay-color":"","overlay-opacity":"","overlay-gradient":""},"mobile":{"background-color":"var(--ast-global-color-5)","background-image":"","background-repeat":"repeat","background-position":"center center","background-size":"auto","background-attachment":"scroll","background-type":"","background-media":"","overlay-type":"","overlay-color":"","overlay-opacity":"","overlay-gradient":""}},"footnotes":""},"class_list":["post-784","page","type-page","status-publish","hentry"],"_links":{"self":[{"href":"https:\/\/stoantoniolisboa.com\/index.php\/wp-json\/wp\/v2\/pages\/784","targetHints":{"allow":["GET"]}}],"collection":[{"href":"https:\/\/stoantoniolisboa.com\/index.php\/wp-json\/wp\/v2\/pages"}],"about":[{"href":"https:\/\/stoantoniolisboa.com\/index.php\/wp-json\/wp\/v2\/types\/page"}],"author":[{"embeddable":true,"href":"https:\/\/stoantoniolisboa.com\/index.php\/wp-json\/wp\/v2\/users\/2"}],"replies":[{"embeddable":true,"href":"https:\/\/stoantoniolisboa.com\/index.php\/wp-json\/wp\/v2\/comments?post=784"}],"version-history":[{"count":10,"href":"https:\/\/stoantoniolisboa.com\/index.php\/wp-json\/wp\/v2\/pages\/784\/revisions"}],"predecessor-version":[{"id":1374,"href":"https:\/\/stoantoniolisboa.com\/index.php\/wp-json\/wp\/v2\/pages\/784\/revisions\/1374"}],"wp:attachment":[{"href":"https:\/\/stoantoniolisboa.com\/index.php\/wp-json\/wp\/v2\/media?parent=784"}],"curies":[{"name":"wp","href":"https:\/\/api.w.org\/{rel}","templated":true}]}}