{"id":826,"date":"2022-02-11T10:08:49","date_gmt":"2022-02-11T10:08:49","guid":{"rendered":"https:\/\/stoantoniolisboa.com\/?page_id=826"},"modified":"2022-02-11T10:34:58","modified_gmt":"2022-02-11T10:34:58","slug":"oracoes","status":"publish","type":"page","link":"https:\/\/stoantoniolisboa.com\/index.php\/oracoes\/","title":{"rendered":"Ora\u00e7\u00f5es"},"content":{"rendered":"\t\t<div data-elementor-type=\"wp-page\" data-elementor-id=\"826\" class=\"elementor elementor-826\" data-elementor-post-type=\"page\">\n\t\t\t\t\t\t<section class=\"elementor-section elementor-top-section elementor-element elementor-element-8dz91ou elementor-section-boxed elementor-section-height-default elementor-section-height-default\" data-id=\"8dz91ou\" data-element_type=\"section\" data-e-type=\"section\" data-settings=\"{&quot;background_background&quot;:&quot;classic&quot;}\">\n\t\t\t\t\t\t<div class=\"elementor-container elementor-column-gap-no\">\n\t\t\t\t\t<div class=\"elementor-column elementor-col-100 elementor-top-column elementor-element elementor-element-5d02d36\" data-id=\"5d02d36\" data-element_type=\"column\" data-e-type=\"column\">\n\t\t\t<div class=\"elementor-widget-wrap elementor-element-populated\">\n\t\t\t\t\t\t<div class=\"elementor-element elementor-element-c797f68 elementor-widget elementor-widget-heading\" data-id=\"c797f68\" data-element_type=\"widget\" data-e-type=\"widget\" data-widget_type=\"heading.default\">\n\t\t\t\t<div class=\"elementor-widget-container\">\n\t\t\t\t\t<h1 class=\"elementor-heading-title elementor-size-default\">RESPONS\u00d3RIO E ORA\u00c7\u00d5ES<\/h1>\t\t\t\t<\/div>\n\t\t\t\t<\/div>\n\t\t\t\t<div class=\"elementor-element elementor-element-3e8c75f elementor-widget elementor-widget-image\" data-id=\"3e8c75f\" data-element_type=\"widget\" data-e-type=\"widget\" data-widget_type=\"image.default\">\n\t\t\t\t<div class=\"elementor-widget-container\">\n\t\t\t\t\t\t\t\t\t\t\t\t\t\t\t<img fetchpriority=\"high\" decoding=\"async\" width=\"2329\" height=\"1287\" src=\"https:\/\/stoantoniolisboa.com\/wp-content\/uploads\/2022\/02\/Santo-Antonio-criptaa_lv.jpg\" class=\"attachment-full size-full wp-image-828\" alt=\"\" srcset=\"https:\/\/stoantoniolisboa.com\/wp-content\/uploads\/2022\/02\/Santo-Antonio-criptaa_lv.jpg 2329w, https:\/\/stoantoniolisboa.com\/wp-content\/uploads\/2022\/02\/Santo-Antonio-criptaa_lv-300x166.jpg 300w, https:\/\/stoantoniolisboa.com\/wp-content\/uploads\/2022\/02\/Santo-Antonio-criptaa_lv-1024x566.jpg 1024w, https:\/\/stoantoniolisboa.com\/wp-content\/uploads\/2022\/02\/Santo-Antonio-criptaa_lv-768x424.jpg 768w, https:\/\/stoantoniolisboa.com\/wp-content\/uploads\/2022\/02\/Santo-Antonio-criptaa_lv-1536x849.jpg 1536w, https:\/\/stoantoniolisboa.com\/wp-content\/uploads\/2022\/02\/Santo-Antonio-criptaa_lv-2048x1132.jpg 2048w\" sizes=\"(max-width: 2329px) 100vw, 2329px\" \/>\t\t\t\t\t\t\t\t\t\t\t\t\t\t\t<\/div>\n\t\t\t\t<\/div>\n\t\t\t\t\t<\/div>\n\t\t<\/div>\n\t\t\t\t\t<\/div>\n\t\t<\/section>\n\t\t\t\t<section class=\"elementor-section elementor-top-section elementor-element elementor-element-imqcf65 elementor-section-content-middle elementor-section-boxed elementor-section-height-default elementor-section-height-default\" data-id=\"imqcf65\" data-element_type=\"section\" data-e-type=\"section\" data-settings=\"{&quot;background_background&quot;:&quot;classic&quot;}\">\n\t\t\t\t\t\t<div class=\"elementor-container elementor-column-gap-no\">\n\t\t\t\t\t<div class=\"elementor-column elementor-col-100 elementor-top-column elementor-element elementor-element-a1f979f\" data-id=\"a1f979f\" data-element_type=\"column\" data-e-type=\"column\">\n\t\t\t<div class=\"elementor-widget-wrap elementor-element-populated\">\n\t\t\t\t\t\t<div class=\"elementor-element elementor-element-93c78ec elementor-widget elementor-widget-heading\" data-id=\"93c78ec\" data-element_type=\"widget\" data-e-type=\"widget\" data-widget_type=\"heading.default\">\n\t\t\t\t<div class=\"elementor-widget-container\">\n\t\t\t\t\t<h2 class=\"elementor-heading-title elementor-size-default\">Se milagres desejais recorrei a Santo Ant\u00f3nio!<\/h2>\t\t\t\t<\/div>\n\t\t\t\t<\/div>\n\t\t\t\t<div class=\"elementor-element elementor-element-faeb1a4 elementor-widget elementor-widget-spacer\" data-id=\"faeb1a4\" data-element_type=\"widget\" data-e-type=\"widget\" data-widget_type=\"spacer.default\">\n\t\t\t\t<div class=\"elementor-widget-container\">\n\t\t\t\t\t\t\t<div class=\"elementor-spacer\">\n\t\t\t<div class=\"elementor-spacer-inner\"><\/div>\n\t\t<\/div>\n\t\t\t\t\t\t<\/div>\n\t\t\t\t<\/div>\n\t\t\t\t<div class=\"elementor-element elementor-element-5b2a5f8 elementor-widget elementor-widget-toggle\" data-id=\"5b2a5f8\" data-element_type=\"widget\" data-e-type=\"widget\" data-widget_type=\"toggle.default\">\n\t\t\t\t<div class=\"elementor-widget-container\">\n\t\t\t\t\t\t\t<div class=\"elementor-toggle\">\n\t\t\t\t\t\t\t<div class=\"elementor-toggle-item\">\n\t\t\t\t\t<div id=\"elementor-tab-title-9551\" class=\"elementor-tab-title\" data-tab=\"1\" role=\"button\" aria-controls=\"elementor-tab-content-9551\" aria-expanded=\"false\">\n\t\t\t\t\t\t\t\t\t\t\t\t<span class=\"elementor-toggle-icon elementor-toggle-icon-left\" aria-hidden=\"true\">\n\t\t\t\t\t\t\t\t\t\t\t\t\t\t\t<span class=\"elementor-toggle-icon-closed\"><i class=\"fas fa-caret-right\"><\/i><\/span>\n\t\t\t\t\t\t\t\t<span class=\"elementor-toggle-icon-opened\"><i class=\"elementor-toggle-icon-opened fas fa-caret-up\"><\/i><\/span>\n\t\t\t\t\t\t\t\t\t\t\t\t\t<\/span>\n\t\t\t\t\t\t\t\t\t\t\t\t<a class=\"elementor-toggle-title\" tabindex=\"0\">Responso a Santo Ant\u00f3nio<\/a>\n\t\t\t\t\t<\/div>\n\n\t\t\t\t\t<div id=\"elementor-tab-content-9551\" class=\"elementor-tab-content elementor-clearfix\" data-tab=\"1\" role=\"region\" aria-labelledby=\"elementor-tab-title-9551\"><p><em>Se milagres desejais,<\/em><br \/><em>recorrei a Santo Ant\u00f3nio;<\/em><br \/><em>vereis fugir o dem\u00f3nio<\/em><br \/><em>e as tenta\u00e7\u00f5es infernais.<\/em><\/p><p><strong>Refr\u00e3o<\/strong><br \/>Recupera-se o perdido, <br \/>rompe-se a dura pris\u00e3o <br \/>e no auge do furac\u00e3o <br \/>cede o mar embravecido.<\/p><p><em>Pela sua intercess\u00e3o, <\/em><br \/><em>foge a peste, o erro, a morte, <\/em><br \/><em>o fraco torna-se forte <\/em><br \/><em>e torna-se o enfermo s\u00e3o.<\/em> <strong>Refr\u00e3o<\/strong><\/p><p><em>Todos os males humanos, s<\/em><br \/><em>e moderam, se retiram, <\/em><br \/><em>digam-no os que viram <\/em><br \/><em>e digam-nos os paduanos.<\/em> <strong>Refr\u00e3o<\/strong><\/p><p><em>Gl\u00f3ria ao Pai <\/em><br \/><em>e ao Filho <\/em><br \/><em>e ao Esp\u00edrito Santo.<\/em> <strong>Refr\u00e3o<\/strong><\/p><p>V. Rogai por n\u00f3s, glorioso Santo Ant\u00f3nio.<br \/>R. Para que sejamos dignos das promessas de Cristo.<\/p><p><strong>Ora\u00e7\u00e3o<\/strong><br \/>Deus eterno e omnipotente: V\u00f3s quisestes que o vosso povo encontrasse em Santo Ant\u00f3nio de Lisboa um grande pregador do Evangelho e um poderoso intercessor. Concedei-nos a gra\u00e7a de p\u00f4r em pr\u00e1tica os seus ensinamentos, para que mere\u00e7amos t\u00ea-lo como guia e protector em toda a nossa vida.<br \/>Pro Cristo, Senhor nosso. \u00c1mem.<\/p><\/div>\n\t\t\t\t<\/div>\n\t\t\t\t\t\t\t<div class=\"elementor-toggle-item\">\n\t\t\t\t\t<div id=\"elementor-tab-title-9552\" class=\"elementor-tab-title\" data-tab=\"2\" role=\"button\" aria-controls=\"elementor-tab-content-9552\" aria-expanded=\"false\">\n\t\t\t\t\t\t\t\t\t\t\t\t<span class=\"elementor-toggle-icon elementor-toggle-icon-left\" aria-hidden=\"true\">\n\t\t\t\t\t\t\t\t\t\t\t\t\t\t\t<span class=\"elementor-toggle-icon-closed\"><i class=\"fas fa-caret-right\"><\/i><\/span>\n\t\t\t\t\t\t\t\t<span class=\"elementor-toggle-icon-opened\"><i class=\"elementor-toggle-icon-opened fas fa-caret-up\"><\/i><\/span>\n\t\t\t\t\t\t\t\t\t\t\t\t\t<\/span>\n\t\t\t\t\t\t\t\t\t\t\t\t<a class=\"elementor-toggle-title\" tabindex=\"0\">Trezena em honra de Santo Ant\u00f3nio<\/a>\n\t\t\t\t\t<\/div>\n\n\t\t\t\t\t<div id=\"elementor-tab-content-9552\" class=\"elementor-tab-content elementor-clearfix\" data-tab=\"2\" role=\"region\" aria-labelledby=\"elementor-tab-title-9552\"><p><strong>Ora\u00e7\u00e3o inicial<\/strong><br \/>Deus misericordioso, aceitai benigno a media\u00e7\u00e3o de vosso devoto servo Santo Ant\u00f3nio, para que por seu interm\u00e9dio possa conseguir a gra\u00e7a que humildemente vos pe\u00e7o.<\/p><p>1 &#8211; Glorioso Santo Ant\u00f3nio, que ressuscitastes os mortos! Fazei com que eu viva sempre a preciosa vida da gra\u00e7a. <strong>Pai-nosso, Ave Maria e Gl\u00f3ria&#8230;<\/strong><\/p><p>2 &#8211; Bem-amado Santo Ant\u00f3nio, que curastes os doentes! Dai-me sa\u00fade e servirei a Deus, cumprindo fielmente meus deveres crist\u00e3os. <strong>Pai-nosso, Ave Maria e Gl\u00f3ria&#8230;<\/strong><\/p><p>3 &#8211; Virtuoso Santo Ant\u00f3nio! Afastai para longe de mim todo o v\u00edcio, e guiai-me no caminho da virtude crist\u00e3. <strong>Pai-nosso, Ave Maria e Gl\u00f3ria&#8230;<\/strong><\/p><p>4 &#8211; Amabil\u00edssimo Santo Ant\u00f3nio! Livrai-me dos castigos que mereci por causa dos meus pecados e obtende-me as b\u00ean\u00e7\u00e3os de Deus. <strong>Pai-nosso, Ave Maria e Gl\u00f3ria&#8230;<\/strong><\/p><p>5 &#8211; Poderoso Santo Ant\u00f3nio! O mundo e a carne armam-me tantas ciladas, que minha fraca vontade \u00e0s vezes acha imposs\u00edvel evit\u00e1-las. Por\u00e9m, vossa intercess\u00e3o me obter\u00e1 o aux\u00edlio de Deus todo-poderoso. <strong>Pai-nosso, Ave Maria e Gl\u00f3ria&#8230;<\/strong><\/p><p>6 &#8211; Prodigioso Santo Ant\u00f3nio! O mar das paix\u00f5es \u00e9 t\u00e3o tempestuoso e violento que me acho submergido nas ondas. Conservai-me no caminho da virtude. <strong>Pai-nosso, Ave Maria e Gl\u00f3ria&#8230;<\/strong><\/p><p>7 &#8211; Santo Ant\u00f3nio milagroso! Jovens e anci\u00e3os por v\u00f3s gozam dos benef\u00edcios da divina bondade. Em minhas necessidades e mis\u00e9rias estendei tamb\u00e9m a mim, miser\u00e1vel vossa poderosa ajuda. <strong>Pai-nosso, Ave Maria e Gl\u00f3ria&#8230;<\/strong><\/p><p>8 &#8211; Santo Ant\u00f3nio, m\u00e9dico celeste, curai as minhas feridas espirituais e ajudai-me a corrigir meus defeitos. <strong>Pai-nosso, Ave Maria e Gl\u00f3ria&#8230;<\/strong><\/p><p>9 &#8211; Santo Ant\u00f3nio, consolador dos aflitos! Obtende-me paci\u00eancia e fortaleza nos sofrimentos e nas tribula\u00e7\u00f5es da vida. <strong>Pai-nosso, Ave Maria e Gl\u00f3ria&#8230;<\/strong><\/p><p>10 &#8211; Santo Ant\u00f3nio, restituidor das coisas perdidas! Lamento amargamente a perda da inoc\u00eancia baptismal. Ajudai-me a achar novamente a preciosa gra\u00e7a de Deus e todas as b\u00ean\u00e7\u00e3os da alma. <strong>Pai-nosso, Ave Maria e Gl\u00f3ria&#8230;<\/strong><\/p><p>11 &#8211; Santo Ant\u00f3nio, martelo dos hereges! Conservai-me sempre fiel \u00e0 doutrina da Santa Igreja, Cat\u00f3lica, Apost\u00f3lica, Romana. <strong>Pai-nosso, Ave Maria e Gl\u00f3ria&#8230;<\/strong><\/p><p>12 &#8211; Manso e humilde Santo Ant\u00f3nio! Afastai para longe de mim, a dureza do cora\u00e7\u00e3o e fazei-me atender sempre \u00e0s inspira\u00e7\u00f5es do Divino Esp\u00edrito Santo. <strong>Pai-nosso, Ave Maria e Gl\u00f3ria&#8230;<\/strong><\/p><p>13 &#8211; Bem-aventurado Santo Ant\u00f3nio! Auxiliai-me a levar uma vida verdadeiramente virtuosa, para que goze convosco no c\u00e9u a fleicidade eterna. <strong>Pai-nosso, Ave Maria e Gl\u00f3ria&#8230;<\/strong><\/p><p>\u00a0<\/p><p><strong>RESPONSO<\/strong><\/p><p><em>Se milagres desejais,<\/em><br \/><em>recorrei a Santo Ant\u00f3nio;<\/em><br \/><em>vereis fugir o dem\u00f3nio<\/em><br \/><em>e as tenta\u00e7\u00f5es infernais.<\/em><\/p><p><strong>Refr\u00e3o<\/strong><br \/>Recupera-se o perdido, <br \/>rompe-se a dura pris\u00e3o <br \/>e no auge do furac\u00e3o <br \/>cede o mar embravecido.<\/p><p><em>Pela sua intercess\u00e3o, <\/em><br \/><em>foge a peste, o erro, a morte, <\/em><br \/><em>o fraco torna-se forte <\/em><br \/><em>e torna-se o enfermo s\u00e3o.<\/em> <strong>Refr\u00e3o<\/strong><\/p><p><em>Todos os males humanos, s<\/em><br \/><em>e moderam, se retiram, <\/em><br \/><em>digam-no os que viram <\/em><br \/><em>e digam-nos os paduanos.<\/em> <strong>Refr\u00e3o<\/strong><\/p><p><em>Gl\u00f3ria ao Pai <\/em><br \/><em>e ao Filho <\/em><br \/><em>e ao Esp\u00edrito Santo.<\/em> <strong>Refr\u00e3o<\/strong><\/p><p>V. Rogai por n\u00f3s, glorioso Santo Ant\u00f3nio.<br \/>R. Para que sejamos dignos das promessas de Cristo.<\/p><p><strong>Ora\u00e7\u00e3o<\/strong><br \/>Deus eterno e omnipotente: V\u00f3s quisestes que o vosso povo encontrasse em Santo Ant\u00f3nio de Lisboa um grande pregador do Evangelho e um poderoso intercessor. Concedei-nos a gra\u00e7a de p\u00f4r em pr\u00e1tica os seus ensinamentos, para que mere\u00e7amos t\u00ea-lo como guia e protector em toda a nossa vida.<br \/>Pro Cristo, Senhor nosso. \u00c1mem.<\/p><\/div>\n\t\t\t\t<\/div>\n\t\t\t\t\t\t\t<div class=\"elementor-toggle-item\">\n\t\t\t\t\t<div id=\"elementor-tab-title-9553\" class=\"elementor-tab-title\" data-tab=\"3\" role=\"button\" aria-controls=\"elementor-tab-content-9553\" aria-expanded=\"false\">\n\t\t\t\t\t\t\t\t\t\t\t\t<span class=\"elementor-toggle-icon elementor-toggle-icon-left\" aria-hidden=\"true\">\n\t\t\t\t\t\t\t\t\t\t\t\t\t\t\t<span class=\"elementor-toggle-icon-closed\"><i class=\"fas fa-caret-right\"><\/i><\/span>\n\t\t\t\t\t\t\t\t<span class=\"elementor-toggle-icon-opened\"><i class=\"elementor-toggle-icon-opened fas fa-caret-up\"><\/i><\/span>\n\t\t\t\t\t\t\t\t\t\t\t\t\t<\/span>\n\t\t\t\t\t\t\t\t\t\t\t\t<a class=\"elementor-toggle-title\" tabindex=\"0\">B\u00ean\u00e7\u00e3o de Santo Ant\u00f3nio<\/a>\n\t\t\t\t\t<\/div>\n\n\t\t\t\t\t<div id=\"elementor-tab-content-9553\" class=\"elementor-tab-content elementor-clearfix\" data-tab=\"3\" role=\"region\" aria-labelledby=\"elementor-tab-title-9553\"><p>Eis a Cruz do Senhor:<br \/>presen\u00e7a inimigas fugi!<br \/>Venceu o Le\u00e3o da tribo de Jud\u00e1,<br \/>Filho de David! Aleluia!<\/p><\/div>\n\t\t\t\t<\/div>\n\t\t\t\t\t\t\t\t<\/div>\n\t\t\t\t\t\t<\/div>\n\t\t\t\t<\/div>\n\t\t\t\t\t<\/div>\n\t\t<\/div>\n\t\t\t\t\t<\/div>\n\t\t<\/section>\n\t\t\t\t<\/div>\n\t\t","protected":false},"excerpt":{"rendered":"<p>RESPONS\u00d3RIO E ORA\u00c7\u00d5ES Se milagres desejais recorrei a Santo Ant\u00f3nio! Responso a Santo Ant\u00f3nio Se milagres desejais,recorrei a Santo Ant\u00f3nio;vereis fugir o dem\u00f3nioe as tenta\u00e7\u00f5es infernais. Refr\u00e3oRecupera-se o perdido, rompe-se a dura pris\u00e3o e no auge do furac\u00e3o cede o mar embravecido. Pela sua intercess\u00e3o, foge a peste, o erro, a morte, o fraco torna-se [&hellip;]<\/p>\n","protected":false},"author":2,"featured_media":0,"parent":0,"menu_order":0,"comment_status":"closed","ping_status":"closed","template":"","meta":{"site-sidebar-layout":"no-sidebar","site-content-layout":"page-builder","ast-site-content-layout":"default","site-content-style":"default","site-sidebar-style":"default","ast-global-header-display":"","ast-banner-title-visibility":"","ast-main-header-display":"","ast-hfb-above-header-display":"","ast-hfb-below-header-display":"","ast-hfb-mobile-header-display":"","site-post-title":"disabled","ast-breadcrumbs-content":"disabled","ast-featured-img":"disabled","footer-sml-layout":"","ast-disable-related-posts":"","theme-transparent-header-meta":"enabled","adv-header-id-meta":"","stick-header-meta":"","header-above-stick-meta":"","header-main-stick-meta":"","header-below-stick-meta":"","astra-migrate-meta-layouts":"default","ast-page-background-enabled":"default","ast-page-background-meta":{"desktop":{"background-color":"","background-image":"","background-repeat":"repeat","background-position":"center center","background-size":"auto","background-attachment":"scroll","background-type":"","background-media":"","overlay-type":"","overlay-color":"","overlay-opacity":"","overlay-gradient":""},"tablet":{"background-color":"","background-image":"","background-repeat":"repeat","background-position":"center center","background-size":"auto","background-attachment":"scroll","background-type":"","background-media":"","overlay-type":"","overlay-color":"","overlay-opacity":"","overlay-gradient":""},"mobile":{"background-color":"","background-image":"","background-repeat":"repeat","background-position":"center center","background-size":"auto","background-attachment":"scroll","background-type":"","background-media":"","overlay-type":"","overlay-color":"","overlay-opacity":"","overlay-gradient":""}},"ast-content-background-meta":{"desktop":{"background-color":"var(--ast-global-color-5)","background-image":"","background-repeat":"repeat","background-position":"center center","background-size":"auto","background-attachment":"scroll","background-type":"","background-media":"","overlay-type":"","overlay-color":"","overlay-opacity":"","overlay-gradient":""},"tablet":{"background-color":"var(--ast-global-color-5)","background-image":"","background-repeat":"repeat","background-position":"center center","background-size":"auto","background-attachment":"scroll","background-type":"","background-media":"","overlay-type":"","overlay-color":"","overlay-opacity":"","overlay-gradient":""},"mobile":{"background-color":"var(--ast-global-color-5)","background-image":"","background-repeat":"repeat","background-position":"center center","background-size":"auto","background-attachment":"scroll","background-type":"","background-media":"","overlay-type":"","overlay-color":"","overlay-opacity":"","overlay-gradient":""}},"footnotes":""},"class_list":["post-826","page","type-page","status-publish","hentry"],"_links":{"self":[{"href":"https:\/\/stoantoniolisboa.com\/index.php\/wp-json\/wp\/v2\/pages\/826","targetHints":{"allow":["GET"]}}],"collection":[{"href":"https:\/\/stoantoniolisboa.com\/index.php\/wp-json\/wp\/v2\/pages"}],"about":[{"href":"https:\/\/stoantoniolisboa.com\/index.php\/wp-json\/wp\/v2\/types\/page"}],"author":[{"embeddable":true,"href":"https:\/\/stoantoniolisboa.com\/index.php\/wp-json\/wp\/v2\/users\/2"}],"replies":[{"embeddable":true,"href":"https:\/\/stoantoniolisboa.com\/index.php\/wp-json\/wp\/v2\/comments?post=826"}],"version-history":[{"count":7,"href":"https:\/\/stoantoniolisboa.com\/index.php\/wp-json\/wp\/v2\/pages\/826\/revisions"}],"predecessor-version":[{"id":844,"href":"https:\/\/stoantoniolisboa.com\/index.php\/wp-json\/wp\/v2\/pages\/826\/revisions\/844"}],"wp:attachment":[{"href":"https:\/\/stoantoniolisboa.com\/index.php\/wp-json\/wp\/v2\/media?parent=826"}],"curies":[{"name":"wp","href":"https:\/\/api.w.org\/{rel}","templated":true}]}}