{"id":848,"date":"2022-02-14T13:12:34","date_gmt":"2022-02-14T13:12:34","guid":{"rendered":"https:\/\/stoantoniolisboa.com\/?page_id=848"},"modified":"2025-07-22T11:51:21","modified_gmt":"2025-07-22T11:51:21","slug":"pao-de-santo-antonio","status":"publish","type":"page","link":"https:\/\/stoantoniolisboa.com\/index.php\/pao-de-santo-antonio\/","title":{"rendered":"P\u00e3o de Santo Ant\u00f3nio"},"content":{"rendered":"\t\t<div data-elementor-type=\"wp-page\" data-elementor-id=\"848\" class=\"elementor elementor-848\" data-elementor-post-type=\"page\">\n\t\t\t\t\t\t<section class=\"elementor-section elementor-top-section elementor-element elementor-element-8dz91ou elementor-section-boxed elementor-section-height-default elementor-section-height-default\" data-id=\"8dz91ou\" data-element_type=\"section\" data-e-type=\"section\" data-settings=\"{&quot;background_background&quot;:&quot;classic&quot;}\">\n\t\t\t\t\t\t<div class=\"elementor-container elementor-column-gap-no\">\n\t\t\t\t\t<div class=\"elementor-column elementor-col-100 elementor-top-column elementor-element elementor-element-5d02d36\" data-id=\"5d02d36\" data-element_type=\"column\" data-e-type=\"column\">\n\t\t\t<div class=\"elementor-widget-wrap elementor-element-populated\">\n\t\t\t\t\t\t<div class=\"elementor-element elementor-element-c797f68 elementor-widget elementor-widget-heading\" data-id=\"c797f68\" data-element_type=\"widget\" data-e-type=\"widget\" data-widget_type=\"heading.default\">\n\t\t\t\t<div class=\"elementor-widget-container\">\n\t\t\t\t\t<h1 class=\"elementor-heading-title elementor-size-default\">P\u00c3O DE SANTO ANT\u00d3NIO<\/h1>\t\t\t\t<\/div>\n\t\t\t\t<\/div>\n\t\t\t\t<div class=\"elementor-element elementor-element-3e8c75f elementor-widget elementor-widget-image\" data-id=\"3e8c75f\" data-element_type=\"widget\" data-e-type=\"widget\" data-widget_type=\"image.default\">\n\t\t\t\t<div class=\"elementor-widget-container\">\n\t\t\t\t\t\t\t\t\t\t\t\t\t\t\t<img fetchpriority=\"high\" decoding=\"async\" width=\"2175\" height=\"1379\" src=\"https:\/\/stoantoniolisboa.com\/wp-content\/uploads\/2022\/02\/Santo-Antonio-pao_lv.jpg\" class=\"attachment-full size-full wp-image-749\" alt=\"\" srcset=\"https:\/\/stoantoniolisboa.com\/wp-content\/uploads\/2022\/02\/Santo-Antonio-pao_lv.jpg 2175w, https:\/\/stoantoniolisboa.com\/wp-content\/uploads\/2022\/02\/Santo-Antonio-pao_lv-300x190.jpg 300w, https:\/\/stoantoniolisboa.com\/wp-content\/uploads\/2022\/02\/Santo-Antonio-pao_lv-1024x649.jpg 1024w, https:\/\/stoantoniolisboa.com\/wp-content\/uploads\/2022\/02\/Santo-Antonio-pao_lv-768x487.jpg 768w, https:\/\/stoantoniolisboa.com\/wp-content\/uploads\/2022\/02\/Santo-Antonio-pao_lv-1536x974.jpg 1536w, https:\/\/stoantoniolisboa.com\/wp-content\/uploads\/2022\/02\/Santo-Antonio-pao_lv-2048x1298.jpg 2048w\" sizes=\"(max-width: 2175px) 100vw, 2175px\" \/>\t\t\t\t\t\t\t\t\t\t\t\t\t\t\t<\/div>\n\t\t\t\t<\/div>\n\t\t\t\t\t<\/div>\n\t\t<\/div>\n\t\t\t\t\t<\/div>\n\t\t<\/section>\n\t\t\t\t<section class=\"elementor-section elementor-top-section elementor-element elementor-element-81zt478 elementor-section-boxed elementor-section-height-default elementor-section-height-default\" data-id=\"81zt478\" data-element_type=\"section\" data-e-type=\"section\" data-settings=\"{&quot;background_background&quot;:&quot;classic&quot;}\">\n\t\t\t\t\t\t<div class=\"elementor-container elementor-column-gap-no\">\n\t\t\t\t\t<div class=\"elementor-column elementor-col-100 elementor-top-column elementor-element elementor-element-523fa9a\" data-id=\"523fa9a\" data-element_type=\"column\" data-e-type=\"column\">\n\t\t\t<div class=\"elementor-widget-wrap elementor-element-populated\">\n\t\t\t\t\t\t<div class=\"elementor-element elementor-element-c54aa98 elementor-widget elementor-widget-heading\" data-id=\"c54aa98\" data-element_type=\"widget\" data-e-type=\"widget\" data-widget_type=\"heading.default\">\n\t\t\t\t<div class=\"elementor-widget-container\">\n\t\t\t\t\t<h1 class=\"elementor-heading-title elementor-size-default\">FORMAS DE AJUDAR<\/h1>\t\t\t\t<\/div>\n\t\t\t\t<\/div>\n\t\t\t\t<section class=\"elementor-section elementor-inner-section elementor-element elementor-element-fb152fa elementor-section-boxed elementor-section-height-default elementor-section-height-default\" data-id=\"fb152fa\" data-element_type=\"section\" data-e-type=\"section\">\n\t\t\t\t\t\t<div class=\"elementor-container elementor-column-gap-no\">\n\t\t\t\t\t<div class=\"elementor-column elementor-col-50 elementor-inner-column elementor-element elementor-element-8303511\" data-id=\"8303511\" data-element_type=\"column\" data-e-type=\"column\">\n\t\t\t<div class=\"elementor-widget-wrap elementor-element-populated\">\n\t\t\t\t\t\t<div class=\"elementor-element elementor-element-8a98954 elementor-position-inline-start elementor-view-default elementor-mobile-position-block-start elementor-widget elementor-widget-icon-box\" data-id=\"8a98954\" data-element_type=\"widget\" data-e-type=\"widget\" data-widget_type=\"icon-box.default\">\n\t\t\t\t<div class=\"elementor-widget-container\">\n\t\t\t\t\t\t\t<div class=\"elementor-icon-box-wrapper\">\n\n\t\t\t\t\t\t<div class=\"elementor-icon-box-icon\">\n\t\t\t\t<span  class=\"elementor-icon\">\n\t\t\t\t<i aria-hidden=\"true\" class=\"fas fa-user\"><\/i>\t\t\t\t<\/span>\n\t\t\t<\/div>\n\t\t\t\n\t\t\t\t\t\t<div class=\"elementor-icon-box-content\">\n\n\t\t\t\t\t\t\t\t\t<h6 class=\"elementor-icon-box-title\">\n\t\t\t\t\t\t<span  >\n\t\t\t\t\t\t\tEM PESSOA\t\t\t\t\t\t<\/span>\n\t\t\t\t\t<\/h6>\n\t\t\t\t\n\t\t\t\t\t\t\t\t\t<p class=\"elementor-icon-box-description\">\n\t\t\t\t\t\tDeixe a sua oferta no cofre para o P\u00e3o de Santo Ant\u00f3nio.\t\t\t\t\t<\/p>\n\t\t\t\t\n\t\t\t<\/div>\n\t\t\t\n\t\t<\/div>\n\t\t\t\t\t\t<\/div>\n\t\t\t\t<\/div>\n\t\t\t\t\t<\/div>\n\t\t<\/div>\n\t\t\t\t<div class=\"elementor-column elementor-col-50 elementor-inner-column elementor-element elementor-element-4bcb13b\" data-id=\"4bcb13b\" data-element_type=\"column\" data-e-type=\"column\">\n\t\t\t<div class=\"elementor-widget-wrap elementor-element-populated\">\n\t\t\t\t\t\t<div class=\"elementor-element elementor-element-2087a00 elementor-position-inline-start elementor-view-default elementor-mobile-position-block-start elementor-widget elementor-widget-icon-box\" data-id=\"2087a00\" data-element_type=\"widget\" data-e-type=\"widget\" data-widget_type=\"icon-box.default\">\n\t\t\t\t<div class=\"elementor-widget-container\">\n\t\t\t\t\t\t\t<div class=\"elementor-icon-box-wrapper\">\n\n\t\t\t\t\t\t<div class=\"elementor-icon-box-icon\">\n\t\t\t\t<span  class=\"elementor-icon\">\n\t\t\t\t<i aria-hidden=\"true\" class=\"fas fa-chalkboard-teacher\"><\/i>\t\t\t\t<\/span>\n\t\t\t<\/div>\n\t\t\t\n\t\t\t\t\t\t<div class=\"elementor-icon-box-content\">\n\n\t\t\t\t\t\t\t\t\t<h6 class=\"elementor-icon-box-title\">\n\t\t\t\t\t\t<span  >\n\t\t\t\t\t\t\tPOR TRANSFER\u00caNCIA\t\t\t\t\t\t<\/span>\n\t\t\t\t\t<\/h6>\n\t\t\t\t\n\t\t\t\t\t\t\t\t\t<p class=\"elementor-icon-box-description\">\n\t\t\t\t\t\tFa\u00e7a um donativo por transfer\u00eancia para o <br>NIB: PT50 0018 0008 0440 5527 0207 1 <br>e envie-nos o comprovativo por email.\t\t\t\t\t<\/p>\n\t\t\t\t\n\t\t\t<\/div>\n\t\t\t\n\t\t<\/div>\n\t\t\t\t\t\t<\/div>\n\t\t\t\t<\/div>\n\t\t\t\t\t<\/div>\n\t\t<\/div>\n\t\t\t\t\t<\/div>\n\t\t<\/section>\n\t\t\t\t\t<\/div>\n\t\t<\/div>\n\t\t\t\t\t<\/div>\n\t\t<\/section>\n\t\t\t\t<section class=\"elementor-section elementor-top-section elementor-element elementor-element-hazzek3 elementor-section-boxed elementor-section-height-default elementor-section-height-default\" data-id=\"hazzek3\" data-element_type=\"section\" data-e-type=\"section\" data-settings=\"{&quot;background_background&quot;:&quot;classic&quot;}\">\n\t\t\t\t\t\t<div class=\"elementor-container elementor-column-gap-no\">\n\t\t\t\t\t<div class=\"elementor-column elementor-col-100 elementor-top-column elementor-element elementor-element-5d02d36\" data-id=\"5d02d36\" data-element_type=\"column\" data-e-type=\"column\">\n\t\t\t<div class=\"elementor-widget-wrap elementor-element-populated\">\n\t\t\t\t\t\t<section class=\"elementor-section elementor-inner-section elementor-element elementor-element-5b53ec6 elementor-section-boxed elementor-section-height-default elementor-section-height-default\" data-id=\"5b53ec6\" data-element_type=\"section\" data-e-type=\"section\">\n\t\t\t\t\t\t<div class=\"elementor-container elementor-column-gap-no\">\n\t\t\t\t\t<div class=\"elementor-column elementor-col-100 elementor-inner-column elementor-element elementor-element-aa70106\" data-id=\"aa70106\" data-element_type=\"column\" data-e-type=\"column\">\n\t\t\t<div class=\"elementor-widget-wrap elementor-element-populated\">\n\t\t\t\t\t\t<div class=\"elementor-element elementor-element-a6633ba elementor-widget elementor-widget-heading\" data-id=\"a6633ba\" data-element_type=\"widget\" data-e-type=\"widget\" data-widget_type=\"heading.default\">\n\t\t\t\t<div class=\"elementor-widget-container\">\n\t\t\t\t\t<h2 class=\"elementor-heading-title elementor-size-default\">hist\u00f3ria do \u201cP\u00e3o de Santo Ant\u00f3nio\u201d<\/h2>\t\t\t\t<\/div>\n\t\t\t\t<\/div>\n\t\t\t\t<div class=\"elementor-element elementor-element-a9fd274 elementor-widget elementor-widget-text-editor\" data-id=\"a9fd274\" data-element_type=\"widget\" data-e-type=\"widget\" data-widget_type=\"text-editor.default\">\n\t\t\t\t<div class=\"elementor-widget-container\">\n\t\t\t\t\t\t\t\t\t<p>A hist\u00f3ria do \u201cP\u00e3o de Santo Ant\u00f3nio\u201d remonta a um facto curioso que nos \u00e9 assim narrado: \u201cAnt\u00f3nio comovia-se tanto com a pobreza que, certa vez, distribuiu aos pobres todos os p\u00e3o do convento em que viva. O frade padeiro ficou em apuros, quando, na hora da refei\u00e7\u00e3o, percebeu que os frades n\u00e3o tinham que comer: \u201cos p\u00e3es tinham sido roubados\u201d.<\/p><p>At\u00f3nito, foi contar ao santo o ocorrido. Este mandou que verificasse melhor o lugar em que os tinha deixado. O irm\u00e3o padeiro voltou estupefacto e alegre: os cestos transbordavam de p\u00e3o, tantos que foram distribu\u00eddos aos frades e aos pobres que visitavam o convento.<\/p><p>A partir de acontecimentos como este, espalhou-se por todo o mundo, o costume de colocar nas igrejas uma caixa para esmolas do \u201cP\u00e3o dos pobres\u201d.<\/p>\t\t\t\t\t\t\t\t<\/div>\n\t\t\t\t<\/div>\n\t\t\t\t\t<\/div>\n\t\t<\/div>\n\t\t\t\t\t<\/div>\n\t\t<\/section>\n\t\t\t\t\t<\/div>\n\t\t<\/div>\n\t\t\t\t\t<\/div>\n\t\t<\/section>\n\t\t\t\t<section class=\"elementor-section elementor-top-section elementor-element elementor-element-687693e elementor-section-boxed elementor-section-height-default elementor-section-height-default\" data-id=\"687693e\" data-element_type=\"section\" data-e-type=\"section\" data-settings=\"{&quot;background_background&quot;:&quot;classic&quot;}\">\n\t\t\t\t\t\t<div class=\"elementor-container elementor-column-gap-no\">\n\t\t\t\t\t<div class=\"elementor-column elementor-col-100 elementor-top-column elementor-element elementor-element-4d37b9d\" data-id=\"4d37b9d\" data-element_type=\"column\" data-e-type=\"column\">\n\t\t\t<div class=\"elementor-widget-wrap elementor-element-populated\">\n\t\t\t\t\t\t<section class=\"elementor-section elementor-inner-section elementor-element elementor-element-a91d931 elementor-section-boxed elementor-section-height-default elementor-section-height-default\" data-id=\"a91d931\" data-element_type=\"section\" data-e-type=\"section\">\n\t\t\t\t\t\t<div class=\"elementor-container elementor-column-gap-no\">\n\t\t\t\t\t<div class=\"elementor-column elementor-col-100 elementor-inner-column elementor-element elementor-element-58f5f97\" data-id=\"58f5f97\" data-element_type=\"column\" data-e-type=\"column\">\n\t\t\t<div class=\"elementor-widget-wrap elementor-element-populated\">\n\t\t\t\t\t\t<div class=\"elementor-element elementor-element-4ea6477 elementor-widget elementor-widget-heading\" data-id=\"4ea6477\" data-element_type=\"widget\" data-e-type=\"widget\" data-widget_type=\"heading.default\">\n\t\t\t\t<div class=\"elementor-widget-container\">\n\t\t\t\t\t<h2 class=\"elementor-heading-title elementor-size-default\">\u201cP\u00e3o de Santo Ant\u00f3nio\u201d na nossa igreja<\/h2>\t\t\t\t<\/div>\n\t\t\t\t<\/div>\n\t\t\t\t<div class=\"elementor-element elementor-element-687006f elementor-widget elementor-widget-text-editor\" data-id=\"687006f\" data-element_type=\"widget\" data-e-type=\"widget\" data-widget_type=\"text-editor.default\">\n\t\t\t\t<div class=\"elementor-widget-container\">\n\t\t\t\t\t\t\t\t\t<p>Cr\u00ea-se que esta devo\u00e7\u00e3o tem in\u00edcio, aqui na nossa Igreja, local onde o Santo nasceu, por volta de 1920 aquando da abertura da Igreja e vinda dos Franciscanos para c\u00e1.<br \/><br \/>Junto ao quadro milagroso do Santo, do lado esquerdo de quem entra, uma caixa das esmolas antiqu\u00edssima, com uma pintura de S. Ant\u00f3nio, ali permanece recordando aos fi\u00e9is e peregrinos o dever de ajudar os irm\u00e3os mais desfavorecidos, podendo a\u00ed deixar o seu contributo para o P\u00e3o dos Pobres de Santo Ant\u00f3nio.<br \/><br \/>No dia do santo, 13 de Junho, distribui-se aos fi\u00e9is por um pre\u00e7o simb\u00f3lico, pequenos p\u00e3es benzidos na Eucaristia, assim como os cravos, durante todo o dia como forma de ajudar e a prover as necessidades dos pobres que a n\u00f3s recorrem.<br \/><br \/>Durante muitos anos distribu\u00eda-se, semanalmente, dois grandes p\u00e3es aos quais se acrescentou, h\u00e1 alguns anos, a quantia de cinco euros para prover a outras necessidades.<br \/><br \/>Procurando responder mais fielmente ao esp\u00edrito de S. Francisco e S. Ant\u00f3nio, e para ajudar os mais pobres, neste tempo de crise econ\u00f3mica, passamos a entregar os P\u00e3es duas vezes por semana, em vez de uma, juntamente com alguns g\u00e9neros aliment\u00edcios e o que a generosidade dos nossos benfeitores o permite.<br \/><br \/>Na realidade, como acentua Ant\u00f3nio de Sousa Ara\u00fajo: &#8220;Pobres sempre os teremos. E de p\u00e3o e da ajuda do Santo, todos n\u00f3s continuaremos carecidos. Ningu\u00e9m \u00e9 mais feliz do que aquele que socorre a necessidade do pobre e a mis\u00e9ria do enfermo e do desamparado.&#8221;<\/p><p><em>Precisamos de si! Ajude-nos a manter a igreja e a auxiliar os mais pobres. O seu apoio far\u00e1 toda a diferen\u00e7a. Contamos consigo e rezamos por si!<\/em><\/p>\t\t\t\t\t\t\t\t<\/div>\n\t\t\t\t<\/div>\n\t\t\t\t\t<\/div>\n\t\t<\/div>\n\t\t\t\t\t<\/div>\n\t\t<\/section>\n\t\t\t\t\t<\/div>\n\t\t<\/div>\n\t\t\t\t\t<\/div>\n\t\t<\/section>\n\t\t\t\t<\/div>\n\t\t","protected":false},"excerpt":{"rendered":"<p>P\u00c3O DE SANTO ANT\u00d3NIO FORMAS DE AJUDAR EM PESSOA Deixe a sua oferta no cofre para o P\u00e3o de Santo Ant\u00f3nio. POR TRANSFER\u00caNCIA Fa\u00e7a um donativo por transfer\u00eancia para o NIB: PT50 0018 0008 0440 5527 0207 1 e envie-nos o comprovativo por email. hist\u00f3ria do \u201cP\u00e3o de Santo Ant\u00f3nio\u201d A hist\u00f3ria do \u201cP\u00e3o de [&hellip;]<\/p>\n","protected":false},"author":2,"featured_media":0,"parent":0,"menu_order":0,"comment_status":"closed","ping_status":"closed","template":"","meta":{"site-sidebar-layout":"no-sidebar","site-content-layout":"page-builder","ast-site-content-layout":"default","site-content-style":"default","site-sidebar-style":"default","ast-global-header-display":"","ast-banner-title-visibility":"","ast-main-header-display":"","ast-hfb-above-header-display":"","ast-hfb-below-header-display":"","ast-hfb-mobile-header-display":"","site-post-title":"disabled","ast-breadcrumbs-content":"disabled","ast-featured-img":"disabled","footer-sml-layout":"","ast-disable-related-posts":"","theme-transparent-header-meta":"enabled","adv-header-id-meta":"","stick-header-meta":"","header-above-stick-meta":"","header-main-stick-meta":"","header-below-stick-meta":"","astra-migrate-meta-layouts":"default","ast-page-background-enabled":"default","ast-page-background-meta":{"desktop":{"background-color":"","background-image":"","background-repeat":"repeat","background-position":"center center","background-size":"auto","background-attachment":"scroll","background-type":"","background-media":"","overlay-type":"","overlay-color":"","overlay-opacity":"","overlay-gradient":""},"tablet":{"background-color":"","background-image":"","background-repeat":"repeat","background-position":"center center","background-size":"auto","background-attachment":"scroll","background-type":"","background-media":"","overlay-type":"","overlay-color":"","overlay-opacity":"","overlay-gradient":""},"mobile":{"background-color":"","background-image":"","background-repeat":"repeat","background-position":"center center","background-size":"auto","background-attachment":"scroll","background-type":"","background-media":"","overlay-type":"","overlay-color":"","overlay-opacity":"","overlay-gradient":""}},"ast-content-background-meta":{"desktop":{"background-color":"var(--ast-global-color-5)","background-image":"","background-repeat":"repeat","background-position":"center center","background-size":"auto","background-attachment":"scroll","background-type":"","background-media":"","overlay-type":"","overlay-color":"","overlay-opacity":"","overlay-gradient":""},"tablet":{"background-color":"var(--ast-global-color-5)","background-image":"","background-repeat":"repeat","background-position":"center center","background-size":"auto","background-attachment":"scroll","background-type":"","background-media":"","overlay-type":"","overlay-color":"","overlay-opacity":"","overlay-gradient":""},"mobile":{"background-color":"var(--ast-global-color-5)","background-image":"","background-repeat":"repeat","background-position":"center center","background-size":"auto","background-attachment":"scroll","background-type":"","background-media":"","overlay-type":"","overlay-color":"","overlay-opacity":"","overlay-gradient":""}},"footnotes":""},"class_list":["post-848","page","type-page","status-publish","hentry"],"_links":{"self":[{"href":"https:\/\/stoantoniolisboa.com\/index.php\/wp-json\/wp\/v2\/pages\/848","targetHints":{"allow":["GET"]}}],"collection":[{"href":"https:\/\/stoantoniolisboa.com\/index.php\/wp-json\/wp\/v2\/pages"}],"about":[{"href":"https:\/\/stoantoniolisboa.com\/index.php\/wp-json\/wp\/v2\/types\/page"}],"author":[{"embeddable":true,"href":"https:\/\/stoantoniolisboa.com\/index.php\/wp-json\/wp\/v2\/users\/2"}],"replies":[{"embeddable":true,"href":"https:\/\/stoantoniolisboa.com\/index.php\/wp-json\/wp\/v2\/comments?post=848"}],"version-history":[{"count":16,"href":"https:\/\/stoantoniolisboa.com\/index.php\/wp-json\/wp\/v2\/pages\/848\/revisions"}],"predecessor-version":[{"id":1434,"href":"https:\/\/stoantoniolisboa.com\/index.php\/wp-json\/wp\/v2\/pages\/848\/revisions\/1434"}],"wp:attachment":[{"href":"https:\/\/stoantoniolisboa.com\/index.php\/wp-json\/wp\/v2\/media?parent=848"}],"curies":[{"name":"wp","href":"https:\/\/api.w.org\/{rel}","templated":true}]}}